{"id":46,"date":"2025-09-26T19:09:22","date_gmt":"2025-09-26T19:09:22","guid":{"rendered":"https:\/\/hkpuhallin.datapilvi.com\/?page_id=46"},"modified":"2026-02-10T14:45:19","modified_gmt":"2026-02-10T14:45:19","slug":"ajankohtaista","status":"publish","type":"page","link":"https:\/\/hkpuhallinorkesteri.com\/?page_id=46","title":{"rendered":"Ajankohtaista"},"content":{"rendered":"\n<h2 class=\"wp-block-heading\">Ajankohtaista<\/h2>\n\n\n\n<h3 class=\"wp-block-heading\">Maanantaina 08.06.2026 esiinnyt\u00e4\u00e4n K\u00e4rk\u00f6l\u00e4ss\u00e4.\u00a0Lis\u00e4tietoja my\u00f6hemmin.<br><\/h3>\n\n\n\n<div class=\"wp-block-media-text is-stacked-on-mobile is-vertically-aligned-top\"><figure class=\"wp-block-media-text__media\"><img loading=\"lazy\" decoding=\"async\" width=\"724\" height=\"1024\" src=\"https:\/\/hkpuhallinorkesteri.com\/wp-content\/uploads\/2026\/02\/Lammin-Turvantalo-22.03.2026-tuolimalli-724x1024.jpg\" alt=\"\" class=\"wp-image-390 size-full\" srcset=\"https:\/\/hkpuhallinorkesteri.com\/wp-content\/uploads\/2026\/02\/Lammin-Turvantalo-22.03.2026-tuolimalli-724x1024.jpg 724w, https:\/\/hkpuhallinorkesteri.com\/wp-content\/uploads\/2026\/02\/Lammin-Turvantalo-22.03.2026-tuolimalli-212x300.jpg 212w, https:\/\/hkpuhallinorkesteri.com\/wp-content\/uploads\/2026\/02\/Lammin-Turvantalo-22.03.2026-tuolimalli-768x1086.jpg 768w, https:\/\/hkpuhallinorkesteri.com\/wp-content\/uploads\/2026\/02\/Lammin-Turvantalo-22.03.2026-tuolimalli.jpg 794w\" sizes=\"auto, (max-width: 724px) 100vw, 724px\" \/><\/figure><div class=\"wp-block-media-text__content\">\n<p class=\"has-text-align-left has-medium-font-size\"><br>Sunnuntaina 22.03.2026 klo 14:00 Konsertti Lammin Turvantalolla.<\/p>\n\n\n\n<p class=\"has-medium-font-size\">Solistina upea Heidi Pakarinen.&nbsp;<\/p>\n\n\n\n<p class=\"has-medium-font-size\">Tule ihmeess\u00e4 Tangokuningattaren konserttiin!<\/p>\n\n\n\n<p class=\"has-medium-font-size\">Ennakkolippujen myyntitiedot julisteessa.<\/p>\n<\/div><\/div>\n\n\n\n<h3 class=\"wp-block-heading\">Tiistaina 13.01.2026 klo 18-20&nbsp; harjoitukset. Tervetuloa uudet ja vanhat soittajat!&nbsp;Kev\u00e4tkausi alkaa.&nbsp;<\/h3>\n\n\n\n<figure class=\"wp-block-gallery has-nested-images columns-default is-cropped wp-block-gallery-1 is-layout-flex wp-block-gallery-is-layout-flex\">\n<figure class=\"wp-block-image size-large\"><img loading=\"lazy\" decoding=\"async\" width=\"724\" height=\"1024\" data-id=\"232\" src=\"https:\/\/hkpuhallinorkesteri.com\/wp-content\/uploads\/2025\/10\/Tiirismaan-puhaltajat-keikkamainos-Lahden-paakirjasto-28.10.2025-724x1024.jpg\" alt=\"\" class=\"wp-image-232\" srcset=\"https:\/\/hkpuhallinorkesteri.com\/wp-content\/uploads\/2025\/10\/Tiirismaan-puhaltajat-keikkamainos-Lahden-paakirjasto-28.10.2025-724x1024.jpg 724w, https:\/\/hkpuhallinorkesteri.com\/wp-content\/uploads\/2025\/10\/Tiirismaan-puhaltajat-keikkamainos-Lahden-paakirjasto-28.10.2025-212x300.jpg 212w, https:\/\/hkpuhallinorkesteri.com\/wp-content\/uploads\/2025\/10\/Tiirismaan-puhaltajat-keikkamainos-Lahden-paakirjasto-28.10.2025-768x1086.jpg 768w, https:\/\/hkpuhallinorkesteri.com\/wp-content\/uploads\/2025\/10\/Tiirismaan-puhaltajat-keikkamainos-Lahden-paakirjasto-28.10.2025.jpg 794w\" sizes=\"auto, (max-width: 724px) 100vw, 724px\" \/><\/figure>\n\n\n\n<figure class=\"wp-block-image size-large\"><img loading=\"lazy\" decoding=\"async\" width=\"724\" height=\"1024\" data-id=\"231\" src=\"https:\/\/hkpuhallinorkesteri.com\/wp-content\/uploads\/2025\/10\/Orkesterimainos-2025-Wellamo-opisto-pystymalli-724x1024.jpg\" alt=\"\" class=\"wp-image-231\" srcset=\"https:\/\/hkpuhallinorkesteri.com\/wp-content\/uploads\/2025\/10\/Orkesterimainos-2025-Wellamo-opisto-pystymalli-724x1024.jpg 724w, https:\/\/hkpuhallinorkesteri.com\/wp-content\/uploads\/2025\/10\/Orkesterimainos-2025-Wellamo-opisto-pystymalli-212x300.jpg 212w, https:\/\/hkpuhallinorkesteri.com\/wp-content\/uploads\/2025\/10\/Orkesterimainos-2025-Wellamo-opisto-pystymalli-768x1086.jpg 768w, https:\/\/hkpuhallinorkesteri.com\/wp-content\/uploads\/2025\/10\/Orkesterimainos-2025-Wellamo-opisto-pystymalli.jpg 794w\" sizes=\"auto, (max-width: 724px) 100vw, 724px\" \/><\/figure>\n<\/figure>\n\n\n\n<h3 class=\"wp-block-heading\">T\u00e4ss\u00e4 kuvia konserteistamme!<\/h3>\n\n\n\n<div class=\"wp-block-media-text is-stacked-on-mobile is-vertically-aligned-top\" style=\"grid-template-columns:34% auto\"><figure class=\"wp-block-media-text__media\"><img loading=\"lazy\" decoding=\"async\" width=\"212\" height=\"300\" src=\"https:\/\/hkpuhallinorkesteri.com\/wp-content\/uploads\/2025\/10\/Mainos-Heidi-Pakarinen-konsertti23.03.2025-212x300.jpg\" alt=\"\" class=\"wp-image-199 size-medium\" srcset=\"https:\/\/hkpuhallinorkesteri.com\/wp-content\/uploads\/2025\/10\/Mainos-Heidi-Pakarinen-konsertti23.03.2025-212x300.jpg 212w, https:\/\/hkpuhallinorkesteri.com\/wp-content\/uploads\/2025\/10\/Mainos-Heidi-Pakarinen-konsertti23.03.2025-724x1024.jpg 724w, https:\/\/hkpuhallinorkesteri.com\/wp-content\/uploads\/2025\/10\/Mainos-Heidi-Pakarinen-konsertti23.03.2025-768x1086.jpg 768w, https:\/\/hkpuhallinorkesteri.com\/wp-content\/uploads\/2025\/10\/Mainos-Heidi-Pakarinen-konsertti23.03.2025.jpg 794w\" sizes=\"auto, (max-width: 212px) 100vw, 212px\" \/><\/figure><div class=\"wp-block-media-text__content\">\n<p class=\"has-text-align-left has-medium-font-size\"><br><strong>Heidi Pakarinen, Suomen Tangokuningatar vuosimallia 2013 saapui solistiksemme 23.3.2025!&nbsp;<\/strong><\/p>\n<\/div><\/div>\n\n\n\n<div class=\"wp-block-media-text is-stacked-on-mobile is-vertically-aligned-top\" style=\"grid-template-columns:34% auto\"><figure class=\"wp-block-media-text__media\"><img loading=\"lazy\" decoding=\"async\" width=\"724\" height=\"1024\" src=\"https:\/\/hkpuhallinorkesteri.com\/wp-content\/uploads\/2025\/10\/Erkki-Liikasen-konsertti-19.02.2023-juliste-724x1024.jpg\" alt=\"\" class=\"wp-image-208 size-full\" srcset=\"https:\/\/hkpuhallinorkesteri.com\/wp-content\/uploads\/2025\/10\/Erkki-Liikasen-konsertti-19.02.2023-juliste-724x1024.jpg 724w, https:\/\/hkpuhallinorkesteri.com\/wp-content\/uploads\/2025\/10\/Erkki-Liikasen-konsertti-19.02.2023-juliste-212x300.jpg 212w, https:\/\/hkpuhallinorkesteri.com\/wp-content\/uploads\/2025\/10\/Erkki-Liikasen-konsertti-19.02.2023-juliste-768x1086.jpg 768w, https:\/\/hkpuhallinorkesteri.com\/wp-content\/uploads\/2025\/10\/Erkki-Liikasen-konsertti-19.02.2023-juliste.jpg 794w\" sizes=\"auto, (max-width: 724px) 100vw, 724px\" \/><\/figure><div class=\"wp-block-media-text__content\">\n<p><\/p>\n\n\n\n<p class=\"has-medium-font-size\"><strong>Yhteiskonsertti Erkki &#8221;Eki&#8221; Liikasen kanssa 19.2.2023.<\/strong><\/p>\n\n\n\n<p class=\"has-medium-font-size\">Konsertista on video &#8221;Evakkoreki&#8221;, joka on <a href=\"https:\/\/hkpuhallinorkesteri.com\/?page_id=114\" data-type=\"page\" data-id=\"114\" target=\"_blank\" rel=\"noreferrer noopener\">Videoita-sivulla<\/a>.<\/p>\n<\/div><\/div>\n","protected":false},"excerpt":{"rendered":"<p>Ajankohtaista Maanantaina 08.06.2026 esiinnyt\u00e4\u00e4n K\u00e4rk\u00f6l\u00e4ss\u00e4.\u00a0Lis\u00e4tietoja my\u00f6hemmin. Sunnuntaina 22.03.2026 klo 14:00 Konsertti Lammin Turvantalolla. Solistina upea Heidi Pakarinen.&nbsp; Tule ihmeess\u00e4 Tangokuningattaren konserttiin! Ennakkolippujen myyntitiedot julisteessa. Tiistaina&hellip;<\/p>\n","protected":false},"author":1,"featured_media":0,"parent":0,"menu_order":0,"comment_status":"closed","ping_status":"closed","template":"","meta":{"footnotes":""},"class_list":["post-46","page","type-page","status-publish","hentry"],"_links":{"self":[{"href":"https:\/\/hkpuhallinorkesteri.com\/index.php?rest_route=\/wp\/v2\/pages\/46","targetHints":{"allow":["GET"]}}],"collection":[{"href":"https:\/\/hkpuhallinorkesteri.com\/index.php?rest_route=\/wp\/v2\/pages"}],"about":[{"href":"https:\/\/hkpuhallinorkesteri.com\/index.php?rest_route=\/wp\/v2\/types\/page"}],"author":[{"embeddable":true,"href":"https:\/\/hkpuhallinorkesteri.com\/index.php?rest_route=\/wp\/v2\/users\/1"}],"replies":[{"embeddable":true,"href":"https:\/\/hkpuhallinorkesteri.com\/index.php?rest_route=%2Fwp%2Fv2%2Fcomments&post=46"}],"version-history":[{"count":23,"href":"https:\/\/hkpuhallinorkesteri.com\/index.php?rest_route=\/wp\/v2\/pages\/46\/revisions"}],"predecessor-version":[{"id":396,"href":"https:\/\/hkpuhallinorkesteri.com\/index.php?rest_route=\/wp\/v2\/pages\/46\/revisions\/396"}],"wp:attachment":[{"href":"https:\/\/hkpuhallinorkesteri.com\/index.php?rest_route=%2Fwp%2Fv2%2Fmedia&parent=46"}],"curies":[{"name":"wp","href":"https:\/\/api.w.org\/{rel}","templated":true}]}}