{"id":238,"date":"2025-10-23T10:35:08","date_gmt":"2025-10-23T10:35:08","guid":{"rendered":"https:\/\/hkpuhallin.datapilvi.com\/?page_id=238"},"modified":"2025-10-27T14:22:09","modified_gmt":"2025-10-27T14:22:09","slug":"linkit-muihin-orkestereihin","status":"publish","type":"page","link":"https:\/\/hkpuhallinorkesteri.com\/?page_id=238","title":{"rendered":"Muita orkestereita"},"content":{"rendered":"\n<h2 class=\"wp-block-heading\">Muita orkestereita<\/h2>\n\n\n\n<p><a href=\"http:\/\/www.veteraanisoittokunta.com\/\" target=\"_blank\" rel=\"noreferrer noopener\">Veteraanisoittokunta<\/a><br><a href=\"https:\/\/www.nurmijarvenpuhallinorkesteri.fi\/\" target=\"_blank\" rel=\"noreferrer noopener\">Nurmij\u00e4rven Puhallinorkesteri<\/a><br><a href=\"http:\/\/www.facebook.com\/pages\/Kalhon-Soittokunta\/149490861754791\" target=\"_blank\" rel=\"noreferrer noopener\">Kalhon Soittokunta Hartola<\/a><br><a href=\"https:\/\/xn--heinolanmusiikinystvt-o2bb.fi\/\" target=\"_blank\" rel=\"noreferrer noopener\">Heinolan Puhallinorkesteri<\/a><br><a href=\"https:\/\/www.facebook.com\/suupohjan.puhallinorkesteri\" target=\"_blank\" rel=\"noreferrer noopener\">Suupohjan Puhallinorkesteri<\/a><br><a href=\"https:\/\/www.uudenkaupunginvpk.fi\/soittokunta.html\" target=\"_blank\" rel=\"noreferrer noopener\">Uudenkaupungin VPK:n Soittokunta<\/a><br><a href=\"https:\/\/www.facebook.com\/LieksanNuorisopuhallinorkesteri?fref=pb\" target=\"_blank\" rel=\"noreferrer noopener\">Lieksan Nuorisopuhallinorkesteri<\/a><br><a href=\"https:\/\/sites.google.com\/view\/raisionvpknsoittokunta\/etusivu\" target=\"_blank\" rel=\"noreferrer noopener\">Raision VPK:n Soittokunta<\/a><br><a href=\"https:\/\/sohontorwet.com\/\" target=\"_blank\" rel=\"noreferrer noopener\">Sohon Torvet (Satakuntalais-h\u00e4m\u00e4l\u00e4isen Osakunnan Torvet)<\/a><br><a href=\"https:\/\/www.youtube.com\/watch?v=mx8ZkbvJY5k\" target=\"_blank\" rel=\"noreferrer noopener\">Karkkilan Soittokunta<\/a><br><a href=\"https:\/\/sotilasmusiikki.fi\/puolustusvoimien-varusmiessoittokunta\" target=\"_blank\" rel=\"noreferrer noopener\">Puolustusvoimien Varusmiessoittokunta<\/a><br><a href=\"https:\/\/espoonpuhallinorkesteri.fi\/\" target=\"_blank\" rel=\"noreferrer noopener\">Espoon Puhallinorkesteri<\/a><br><a href=\"https:\/\/www.lahtibigband.fi\/\" target=\"_blank\" rel=\"noreferrer noopener\">Lahti Big Band<\/a><br><a href=\"https:\/\/www.bostonpromenade.com\/\" target=\"_blank\" rel=\"noreferrer noopener\">Boston Promenade<\/a><br><a href=\"https:\/\/www.kouvolansoittokunta.fi\/\" target=\"_blank\" rel=\"noreferrer noopener\">Kouvolan Soittokunta<\/a><br><a href=\"https:\/\/www.raumanpoikasoittokunta.fi\/\" target=\"_blank\" rel=\"noreferrer noopener\">Rauman Poikasoittokunta<\/a><\/p>\n\n\n\n<p><\/p>\n","protected":false},"excerpt":{"rendered":"<p>Muita orkestereita VeteraanisoittokuntaNurmij\u00e4rven PuhallinorkesteriKalhon Soittokunta HartolaHeinolan PuhallinorkesteriSuupohjan PuhallinorkesteriUudenkaupungin VPK:n SoittokuntaLieksan NuorisopuhallinorkesteriRaision VPK:n SoittokuntaSohon Torvet (Satakuntalais-h\u00e4m\u00e4l\u00e4isen Osakunnan Torvet)Karkkilan SoittokuntaPuolustusvoimien VarusmiessoittokuntaEspoon PuhallinorkesteriLahti Big BandBoston PromenadeKouvolan SoittokuntaRauman Poikasoittokunta<\/p>\n","protected":false},"author":1,"featured_media":0,"parent":0,"menu_order":0,"comment_status":"closed","ping_status":"closed","template":"","meta":{"footnotes":""},"class_list":["post-238","page","type-page","status-publish","hentry"],"_links":{"self":[{"href":"https:\/\/hkpuhallinorkesteri.com\/index.php?rest_route=\/wp\/v2\/pages\/238","targetHints":{"allow":["GET"]}}],"collection":[{"href":"https:\/\/hkpuhallinorkesteri.com\/index.php?rest_route=\/wp\/v2\/pages"}],"about":[{"href":"https:\/\/hkpuhallinorkesteri.com\/index.php?rest_route=\/wp\/v2\/types\/page"}],"author":[{"embeddable":true,"href":"https:\/\/hkpuhallinorkesteri.com\/index.php?rest_route=\/wp\/v2\/users\/1"}],"replies":[{"embeddable":true,"href":"https:\/\/hkpuhallinorkesteri.com\/index.php?rest_route=%2Fwp%2Fv2%2Fcomments&post=238"}],"version-history":[{"count":24,"href":"https:\/\/hkpuhallinorkesteri.com\/index.php?rest_route=\/wp\/v2\/pages\/238\/revisions"}],"predecessor-version":[{"id":301,"href":"https:\/\/hkpuhallinorkesteri.com\/index.php?rest_route=\/wp\/v2\/pages\/238\/revisions\/301"}],"wp:attachment":[{"href":"https:\/\/hkpuhallinorkesteri.com\/index.php?rest_route=%2Fwp%2Fv2%2Fmedia&parent=238"}],"curies":[{"name":"wp","href":"https:\/\/api.w.org\/{rel}","templated":true}]}}