{"id":127,"date":"2025-10-02T09:50:03","date_gmt":"2025-10-02T09:50:03","guid":{"rendered":"https:\/\/hkpuhallin.datapilvi.com\/?page_id=127"},"modified":"2025-10-29T08:53:41","modified_gmt":"2025-10-29T08:53:41","slug":"tietoa-meista","status":"publish","type":"page","link":"https:\/\/hkpuhallinorkesteri.com\/?page_id=127","title":{"rendered":"Tietoa meist\u00e4"},"content":{"rendered":"\n<h2 class=\"wp-block-heading\">Tietoa meist\u00e4<\/h2>\n\n\n\n<h3 class=\"wp-block-heading has-medium-font-size\">Torvisoitolla pitk\u00e4t juuret Hollolassa<\/h3>\n\n\n\n<p>Hollolassa puhallinmusiikki on raikunut ainakin yli 100 vuoden ajan erilaisissa kokoonpanoissa. Tiirismaan Puhaltajat aloitti toimintansa helmikuussa v. 1978 Hollolan kansalaisopiston opintoryhm\u00e4n\u00e4. Toimintaa puhallinmusiikin parissa on ollut kohta jo 50 vuotta. P\u00e4\u00e4asiassa esiinnymme P\u00e4ij\u00e4t-H\u00e4meen alueella.<\/p>\n\n\n\n<p>Soittajia meill\u00e4 on Hollolasta, H\u00e4meenkoskelta, K\u00e4rk\u00f6l\u00e4st\u00e4 ja Lahdesta yhteens\u00e4 noin 15 soittajaa. Mukaan voi tulla milloin tahansa, t\u00e4h\u00e4n iloiseen porukkaan.<\/p>\n\n\n\n<p>Puhallinorkesteri esiintyy monenlaisissa tilaisuuksissa, sill\u00e4 aito puhallinmusiikki luo juhlatunnelman. Kysy meilt\u00e4 lis\u00e4\u00e4, jos haluat tarpeisiinne sopivan juhlamusiikin. <\/p>\n\n\n\n<p>Orkesteri toimii my\u00f6s Wellamo-opiston opintoryhm\u00e4n\u00e4. <\/p>\n","protected":false},"excerpt":{"rendered":"<p>Tietoa meist\u00e4 Torvisoitolla pitk\u00e4t juuret Hollolassa Hollolassa puhallinmusiikki on raikunut ainakin yli 100 vuoden ajan erilaisissa kokoonpanoissa. Tiirismaan Puhaltajat aloitti toimintansa helmikuussa v. 1978 Hollolan&hellip;<\/p>\n","protected":false},"author":1,"featured_media":0,"parent":0,"menu_order":0,"comment_status":"closed","ping_status":"closed","template":"","meta":{"footnotes":""},"class_list":["post-127","page","type-page","status-publish","hentry"],"_links":{"self":[{"href":"https:\/\/hkpuhallinorkesteri.com\/index.php?rest_route=\/wp\/v2\/pages\/127","targetHints":{"allow":["GET"]}}],"collection":[{"href":"https:\/\/hkpuhallinorkesteri.com\/index.php?rest_route=\/wp\/v2\/pages"}],"about":[{"href":"https:\/\/hkpuhallinorkesteri.com\/index.php?rest_route=\/wp\/v2\/types\/page"}],"author":[{"embeddable":true,"href":"https:\/\/hkpuhallinorkesteri.com\/index.php?rest_route=\/wp\/v2\/users\/1"}],"replies":[{"embeddable":true,"href":"https:\/\/hkpuhallinorkesteri.com\/index.php?rest_route=%2Fwp%2Fv2%2Fcomments&post=127"}],"version-history":[{"count":5,"href":"https:\/\/hkpuhallinorkesteri.com\/index.php?rest_route=\/wp\/v2\/pages\/127\/revisions"}],"predecessor-version":[{"id":326,"href":"https:\/\/hkpuhallinorkesteri.com\/index.php?rest_route=\/wp\/v2\/pages\/127\/revisions\/326"}],"wp:attachment":[{"href":"https:\/\/hkpuhallinorkesteri.com\/index.php?rest_route=%2Fwp%2Fv2%2Fmedia&parent=127"}],"curies":[{"name":"wp","href":"https:\/\/api.w.org\/{rel}","templated":true}]}}