{"id":114,"date":"2025-09-29T13:34:10","date_gmt":"2025-09-29T13:34:10","guid":{"rendered":"https:\/\/hkpuhallin.datapilvi.com\/?page_id=114"},"modified":"2025-10-30T09:21:13","modified_gmt":"2025-10-30T09:21:13","slug":"videoita","status":"publish","type":"page","link":"https:\/\/hkpuhallinorkesteri.com\/?page_id=114","title":{"rendered":"Videoita"},"content":{"rendered":"\n<h2 class=\"wp-block-heading\">Videoita<\/h2>\n\n\n\n<h3 class=\"wp-block-heading\">Konsertti Lahden p\u00e4\u00e4kirjastossa 28.10.2025. Orkesteri esitti kappaleen &#8221;Sin\u00e4 l\u00e4hdit pois&#8221;.<\/h3>\n\n\n\n<figure class=\"wp-block-video\"><video height=\"720\" style=\"aspect-ratio: 1280 \/ 720;\" width=\"1280\" controls src=\"https:\/\/hkpuhallinorkesteri.com\/wp-content\/uploads\/2025\/10\/SinaLahditPois.mp4\"><\/video><\/figure>\n\n\n\n<h3 class=\"wp-block-heading\">Video &#8221;Evakkoreki&#8221; 19.2.2023 konsertista, jossa lauloi Erkki Liikanen:<\/h3>\n\n\n\n<ul class=\"wp-block-social-links has-visible-labels is-style-logos-only is-layout-flex wp-block-social-links-is-layout-flex\"><li class=\"wp-social-link wp-social-link-youtube  wp-block-social-link\"><a rel=\"noopener nofollow\" target=\"_blank\" href=\"https:\/\/youtu.be\/_qJjTOe_5ow\" class=\"wp-block-social-link-anchor\"><svg width=\"24\" height=\"24\" viewBox=\"0 0 24 24\" version=\"1.1\" xmlns=\"http:\/\/www.w3.org\/2000\/svg\" aria-hidden=\"true\" focusable=\"false\"><path d=\"M21.8,8.001c0,0-0.195-1.378-0.795-1.985c-0.76-0.797-1.613-0.801-2.004-0.847c-2.799-0.202-6.997-0.202-6.997-0.202 h-0.009c0,0-4.198,0-6.997,0.202C4.608,5.216,3.756,5.22,2.995,6.016C2.395,6.623,2.2,8.001,2.2,8.001S2,9.62,2,11.238v1.517 c0,1.618,0.2,3.237,0.2,3.237s0.195,1.378,0.795,1.985c0.761,0.797,1.76,0.771,2.205,0.855c1.6,0.153,6.8,0.201,6.8,0.201 s4.203-0.006,7.001-0.209c0.391-0.047,1.243-0.051,2.004-0.847c0.6-0.607,0.795-1.985,0.795-1.985s0.2-1.618,0.2-3.237v-1.517 C22,9.62,21.8,8.001,21.8,8.001z M9.935,14.594l-0.001-5.62l5.404,2.82L9.935,14.594z\"><\/path><\/svg><span class=\"wp-block-social-link-label\">YouTube-video Evakkoreki<\/span><\/a><\/li><\/ul>\n\n\n\n<h3 class=\"wp-block-heading\">Iloiset klarinetistit 8.6.2025:<\/h3>\n\n\n\n<ul class=\"wp-block-social-links has-visible-labels is-style-logos-only is-layout-flex wp-block-social-links-is-layout-flex\"><li class=\"wp-social-link wp-social-link-youtube  wp-block-social-link\"><a rel=\"noopener nofollow\" target=\"_blank\" href=\"https:\/\/youtu.be\/dI9yWIaL5po\" class=\"wp-block-social-link-anchor\"><svg width=\"24\" height=\"24\" viewBox=\"0 0 24 24\" version=\"1.1\" xmlns=\"http:\/\/www.w3.org\/2000\/svg\" aria-hidden=\"true\" focusable=\"false\"><path d=\"M21.8,8.001c0,0-0.195-1.378-0.795-1.985c-0.76-0.797-1.613-0.801-2.004-0.847c-2.799-0.202-6.997-0.202-6.997-0.202 h-0.009c0,0-4.198,0-6.997,0.202C4.608,5.216,3.756,5.22,2.995,6.016C2.395,6.623,2.2,8.001,2.2,8.001S2,9.62,2,11.238v1.517 c0,1.618,0.2,3.237,0.2,3.237s0.195,1.378,0.795,1.985c0.761,0.797,1.76,0.771,2.205,0.855c1.6,0.153,6.8,0.201,6.8,0.201 s4.203-0.006,7.001-0.209c0.391-0.047,1.243-0.051,2.004-0.847c0.6-0.607,0.795-1.985,0.795-1.985s0.2-1.618,0.2-3.237v-1.517 C22,9.62,21.8,8.001,21.8,8.001z M9.935,14.594l-0.001-5.62l5.404,2.82L9.935,14.594z\"><\/path><\/svg><span class=\"wp-block-social-link-label\">You Tube-video Iloiset klarinetistit<\/span><\/a><\/li><\/ul>\n\n\n\n<p><\/p>\n\n\n\n<p><\/p>\n","protected":false},"excerpt":{"rendered":"<p>Videoita Konsertti Lahden p\u00e4\u00e4kirjastossa 28.10.2025. Orkesteri esitti kappaleen &#8221;Sin\u00e4 l\u00e4hdit pois&#8221;. Video &#8221;Evakkoreki&#8221; 19.2.2023 konsertista, jossa lauloi Erkki Liikanen: Iloiset klarinetistit 8.6.2025:<\/p>\n","protected":false},"author":1,"featured_media":0,"parent":0,"menu_order":0,"comment_status":"closed","ping_status":"closed","template":"","meta":{"footnotes":""},"class_list":["post-114","page","type-page","status-publish","hentry"],"_links":{"self":[{"href":"https:\/\/hkpuhallinorkesteri.com\/index.php?rest_route=\/wp\/v2\/pages\/114","targetHints":{"allow":["GET"]}}],"collection":[{"href":"https:\/\/hkpuhallinorkesteri.com\/index.php?rest_route=\/wp\/v2\/pages"}],"about":[{"href":"https:\/\/hkpuhallinorkesteri.com\/index.php?rest_route=\/wp\/v2\/types\/page"}],"author":[{"embeddable":true,"href":"https:\/\/hkpuhallinorkesteri.com\/index.php?rest_route=\/wp\/v2\/users\/1"}],"replies":[{"embeddable":true,"href":"https:\/\/hkpuhallinorkesteri.com\/index.php?rest_route=%2Fwp%2Fv2%2Fcomments&post=114"}],"version-history":[{"count":45,"href":"https:\/\/hkpuhallinorkesteri.com\/index.php?rest_route=\/wp\/v2\/pages\/114\/revisions"}],"predecessor-version":[{"id":355,"href":"https:\/\/hkpuhallinorkesteri.com\/index.php?rest_route=\/wp\/v2\/pages\/114\/revisions\/355"}],"wp:attachment":[{"href":"https:\/\/hkpuhallinorkesteri.com\/index.php?rest_route=%2Fwp%2Fv2%2Fmedia&parent=114"}],"curies":[{"name":"wp","href":"https:\/\/api.w.org\/{rel}","templated":true}]}}